{"id":155,"date":"2020-06-22T06:57:19","date_gmt":"2020-06-22T04:57:19","guid":{"rendered":"http:\/\/samaritangalanta.sk\/?page_id=155"},"modified":"2022-01-11T14:03:19","modified_gmt":"2022-01-11T13:03:19","slug":"aktivity-v-zariadeni","status":"publish","type":"page","link":"https:\/\/samaritangalanta.sk\/?page_id=155","title":{"rendered":"Aktivity"},"content":{"rendered":"\n<p>V oblasti soci\u00e1lnej pr\u00e1ce zabezpe\u010dujeme klientom pracovn\u00fa terapiu, memoterapiu, arteterapiu, \u0161portov\u00e9 popoludnia, kult\u00farne programy a vych\u00e1dzky. Zodpovedn\u00fd z\u00e1stupca pre soci\u00e1lny \u00fasek je Mgr. Ane\u017eka Belokostolsk\u00e1 v spolupr\u00e1ci so soci\u00e1lnou pracovn\u00ed\u010dkou Mgr. Zitou Laurincovou.<\/p>\n\n\n\n<p>Na\u0161im klientom sa sna\u017e\u00edme spr\u00edjemni\u0165 \u017eivot r\u00f4znymi aktivitami. S\u00a0klientmi sa pravidelne stret\u00e1vaj\u00fa\u00a0na pracovn\u00fdch terapi\u00e1ch, muzikoterapi\u00e1ch, tr\u00e9ningoch kongnit\u00edvnych schopnost\u00ed, arteterapiach, reminescen\u010dn\u00fdch terapi\u00e1ch, pohybov\u00fdch terapi\u00e1ch a n\u00e1cvikoch jemnej motoriky.<\/p>\n\n\n\n<figure class=\"wp-block-gallery\"><ul class=\"blocks-gallery-grid\"><li class=\"blocks-gallery-item\"><figure><a href=\"http:\/\/samaritangalanta.sk\/?page_id=15\/\"><img loading=\"lazy\" src=\"http:\/\/samaritangalanta.sk\/wp-content\/uploads\/thumbs\/2019.jpg\" alt=\"\" data-id=\"166\" data-full-url=\"http:\/\/samaritangalanta.sk\/wp-content\/uploads\/thumbs\/2019.jpg\" data-link=\"http:\/\/samaritangalanta.sk\/?attachment_id=166\" class=\"wp-image-166\" width=\"178\" height=\"178\" srcset=\"https:\/\/samaritangalanta.sk\/wp-content\/uploads\/thumbs\/2019.jpg 512w, https:\/\/samaritangalanta.sk\/wp-content\/uploads\/thumbs\/2019-300x300.jpg 300w, https:\/\/samaritangalanta.sk\/wp-content\/uploads\/thumbs\/2019-150x150.jpg 150w\" sizes=\"(max-width: 178px) 100vw, 178px\" \/><\/a><figcaption class=\"blocks-gallery-item__caption\">De\u0148 priate\u013eov Samarit\u00e1na 2019<\/figcaption><\/figure><\/li>\n\n<li class=\"blocks-gallery-item\"><figure><a href=\"http:\/\/samaritangalanta.sk\/?page_id=159\/\"><img loading=\"lazy\" src=\"http:\/\/samaritangalanta.sk\/wp-content\/uploads\/thumbs\/2018.jpg\" alt=\"\" data-id=\"165\" data-full-url=\"http:\/\/samaritangalanta.sk\/wp-content\/uploads\/thumbs\/2018.jpg\" data-link=\"http:\/\/samaritangalanta.sk\/?attachment_id=165\" class=\"wp-image-165\" width=\"178\" height=\"178\" srcset=\"https:\/\/samaritangalanta.sk\/wp-content\/uploads\/thumbs\/2018.jpg 512w, https:\/\/samaritangalanta.sk\/wp-content\/uploads\/thumbs\/2018-300x300.jpg 300w, https:\/\/samaritangalanta.sk\/wp-content\/uploads\/thumbs\/2018-150x150.jpg 150w\" sizes=\"(max-width: 178px) 100vw, 178px\" \/><\/a><figcaption class=\"blocks-gallery-item__caption\">De\u0148 priate\u013eov Samarit\u00e1na 2018<\/figcaption><\/figure><\/li><\/ul><\/figure>\n\n<li class=\"blocks-gallery-item\"><figure><a href=\"http:\/\/samaritangalanta.sk\/?page_id=350\/\"><img loading=\"lazy\" src=\"http:\/\/samaritangalanta.sk\/wp-content\/uploads\/thumbs\/muzeum.jpg\" alt=\"\" data-id=\"165\" data-full-url=\"http:\/\/samaritangalanta.sk\/wp-content\/uploads\/thumbs\/muzeum.jpg\" data-link=\"http:\/\/samaritangalanta.sk\/?attachment_id=165\" class=\"wp-image-165\" width=\"178\" height=\"178\"><\/a><figcaption class=\"blocks-gallery-item__caption\">V\u00fdlet do m\u00fazea j\u00fan 2021<\/figcaption><\/figure><\/li>\n\n\n\n\n<p><\/p>\n","protected":false},"excerpt":{"rendered":"<p>V oblasti soci\u00e1lnej pr\u00e1ce zabezpe\u010dujeme klientom pracovn\u00fa terapiu, memoterapiu, arteterapiu, \u0161portov\u00e9 popoludnia, kult\u00farne programy a vych\u00e1dzky. Zodpovedn\u00fd z\u00e1stupca pre soci\u00e1lny \u00fasek je Mgr. Ane\u017eka Belokostolsk\u00e1 v spolupr\u00e1ci so soci\u00e1lnou pracovn\u00ed\u010dkou Mgr. Zitou Laurincovou. Na\u0161im klientom sa sna\u017e\u00edme spr\u00edjemni\u0165 \u017eivot r\u00f4znymi aktivitami. S\u00a0klientmi sa pravidelne stret\u00e1vaj\u00fa\u00a0na pracovn\u00fdch terapi\u00e1ch, muzikoterapi\u00e1ch, tr\u00e9ningoch kongnit\u00edvnych schopnost\u00ed, arteterapiach, reminescen\u010dn\u00fdch terapi\u00e1ch, pohybov\u00fdch <a href=\"https:\/\/samaritangalanta.sk\/?page_id=155\" class=\"read-more inline\">Read More<\/a><\/p>\n","protected":false},"author":1,"featured_media":0,"parent":0,"menu_order":0,"comment_status":"closed","ping_status":"closed","template":"","meta":{"_monsterinsights_skip_tracking":false,"_monsterinsights_sitenote_active":false,"_monsterinsights_sitenote_note":"","_monsterinsights_sitenote_category":0},"yoast_head":"<!-- This site is optimized with the Yoast SEO plugin v16.5 - https:\/\/yoast.com\/wordpress\/plugins\/seo\/ -->\n<title>Aktivity - samaritangalanta.sk<\/title>\n<meta name=\"robots\" content=\"index, follow, max-snippet:-1, max-image-preview:large, max-video-preview:-1\" \/>\n<link rel=\"canonical\" href=\"https:\/\/samaritangalanta.sk\/?page_id=155\" \/>\n<meta property=\"og:locale\" content=\"en_US\" \/>\n<meta property=\"og:type\" content=\"article\" \/>\n<meta property=\"og:title\" content=\"Aktivity - samaritangalanta.sk\" \/>\n<meta property=\"og:description\" content=\"V oblasti soci\u00e1lnej pr\u00e1ce zabezpe\u010dujeme klientom pracovn\u00fa terapiu, memoterapiu, arteterapiu, \u0161portov\u00e9 popoludnia, kult\u00farne programy a vych\u00e1dzky. Zodpovedn\u00fd z\u00e1stupca pre soci\u00e1lny \u00fasek je Mgr. Ane\u017eka Belokostolsk\u00e1 v spolupr\u00e1ci so soci\u00e1lnou pracovn\u00ed\u010dkou Mgr. Zitou Laurincovou. Na\u0161im klientom sa sna\u017e\u00edme spr\u00edjemni\u0165 \u017eivot r\u00f4znymi aktivitami. S\u00a0klientmi sa pravidelne stret\u00e1vaj\u00fa\u00a0na pracovn\u00fdch terapi\u00e1ch, muzikoterapi\u00e1ch, tr\u00e9ningoch kongnit\u00edvnych schopnost\u00ed, arteterapiach, reminescen\u010dn\u00fdch terapi\u00e1ch, pohybov\u00fdch Read More\" \/>\n<meta property=\"og:url\" content=\"https:\/\/samaritangalanta.sk\/?page_id=155\" \/>\n<meta property=\"og:site_name\" content=\"samaritangalanta.sk\" \/>\n<meta property=\"article:modified_time\" content=\"2022-01-11T13:03:19+00:00\" \/>\n<meta property=\"og:image\" content=\"http:\/\/samaritangalanta.sk\/wp-content\/uploads\/thumbs\/2019.jpg\" \/>\n<meta name=\"twitter:card\" content=\"summary_large_image\" \/>\n<meta name=\"twitter:label1\" content=\"Est. reading time\" \/>\n\t<meta name=\"twitter:data1\" content=\"1 minute\" \/>\n<script type=\"application\/ld+json\" class=\"yoast-schema-graph\">{\"@context\":\"https:\/\/schema.org\",\"@graph\":[{\"@type\":\"WebSite\",\"@id\":\"http:\/\/samaritangalanta.sk\/#website\",\"url\":\"http:\/\/samaritangalanta.sk\/\",\"name\":\"samaritangalanta.sk\",\"description\":\"Centrum soci\\u00e1lnych slu\\u017eieb pre star\\u0161\\u00edch ob\\u010danov Samarit\\u00e1n\",\"potentialAction\":[{\"@type\":\"SearchAction\",\"target\":\"http:\/\/samaritangalanta.sk\/?s={search_term_string}\",\"query-input\":\"required name=search_term_string\"}],\"inLanguage\":\"en-US\"},{\"@type\":\"ImageObject\",\"@id\":\"https:\/\/samaritangalanta.sk\/?page_id=155#primaryimage\",\"inLanguage\":\"en-US\",\"url\":\"http:\/\/samaritangalanta.sk\/wp-content\/uploads\/thumbs\/2019.jpg\",\"contentUrl\":\"http:\/\/samaritangalanta.sk\/wp-content\/uploads\/thumbs\/2019.jpg\"},{\"@type\":\"WebPage\",\"@id\":\"https:\/\/samaritangalanta.sk\/?page_id=155#webpage\",\"url\":\"https:\/\/samaritangalanta.sk\/?page_id=155\",\"name\":\"Aktivity - samaritangalanta.sk\",\"isPartOf\":{\"@id\":\"http:\/\/samaritangalanta.sk\/#website\"},\"primaryImageOfPage\":{\"@id\":\"https:\/\/samaritangalanta.sk\/?page_id=155#primaryimage\"},\"datePublished\":\"2020-06-22T04:57:19+00:00\",\"dateModified\":\"2022-01-11T13:03:19+00:00\",\"breadcrumb\":{\"@id\":\"https:\/\/samaritangalanta.sk\/?page_id=155#breadcrumb\"},\"inLanguage\":\"en-US\",\"potentialAction\":[{\"@type\":\"ReadAction\",\"target\":[\"https:\/\/samaritangalanta.sk\/?page_id=155\"]}]},{\"@type\":\"BreadcrumbList\",\"@id\":\"https:\/\/samaritangalanta.sk\/?page_id=155#breadcrumb\",\"itemListElement\":[{\"@type\":\"ListItem\",\"position\":1,\"name\":\"Home\",\"item\":\"https:\/\/samaritangalanta.sk\/\"},{\"@type\":\"ListItem\",\"position\":2,\"name\":\"Aktivity\"}]}]}<\/script>\n<!-- \/ Yoast SEO plugin. -->","_links":{"self":[{"href":"https:\/\/samaritangalanta.sk\/index.php?rest_route=\/wp\/v2\/pages\/155"}],"collection":[{"href":"https:\/\/samaritangalanta.sk\/index.php?rest_route=\/wp\/v2\/pages"}],"about":[{"href":"https:\/\/samaritangalanta.sk\/index.php?rest_route=\/wp\/v2\/types\/page"}],"author":[{"embeddable":true,"href":"https:\/\/samaritangalanta.sk\/index.php?rest_route=\/wp\/v2\/users\/1"}],"replies":[{"embeddable":true,"href":"https:\/\/samaritangalanta.sk\/index.php?rest_route=%2Fwp%2Fv2%2Fcomments&post=155"}],"version-history":[{"count":5,"href":"https:\/\/samaritangalanta.sk\/index.php?rest_route=\/wp\/v2\/pages\/155\/revisions"}],"predecessor-version":[{"id":461,"href":"https:\/\/samaritangalanta.sk\/index.php?rest_route=\/wp\/v2\/pages\/155\/revisions\/461"}],"wp:attachment":[{"href":"https:\/\/samaritangalanta.sk\/index.php?rest_route=%2Fwp%2Fv2%2Fmedia&parent=155"}],"curies":[{"name":"wp","href":"https:\/\/api.w.org\/{rel}","templated":true}]}}