{"id":206,"date":"2020-08-10T21:48:20","date_gmt":"2020-08-10T19:48:20","guid":{"rendered":"http:\/\/samaritangalanta.sk\/?page_id=206"},"modified":"2023-12-22T09:06:12","modified_gmt":"2023-12-22T08:06:12","slug":"novinky","status":"publish","type":"page","link":"https:\/\/samaritangalanta.sk\/","title":{"rendered":"Aktu\u00e1lne inform\u00e1cie"},"content":{"rendered":"<ul class=\"wp-block-latest-posts__list has-dates wp-block-latest-posts\"><li><a href=\"https:\/\/samaritangalanta.sk\/?p=729\">Dot\u00e1cia mesta Galanta 2025<\/a><time datetime=\"2025-09-29T21:04:14+02:00\" class=\"wp-block-latest-posts__post-date\">29. September 2025<\/time><div class=\"wp-block-latest-posts__post-full-content\"><!-- wp:image {\"id\":730,\"width\":248,\"height\":96,\"sizeSlug\":\"large\",\"linkDestination\":\"none\"} -->\n<figure class=\"wp-block-image size-large is-resized\"><img loading=\"lazy\" src=\"https:\/\/samaritangalanta.sk\/wp-content\/uploads\/2025\/09\/image.png\" alt=\"\" class=\"wp-image-730\" width=\"248\" height=\"96\" srcset=\"https:\/\/samaritangalanta.sk\/wp-content\/uploads\/2025\/09\/image.png 648w, https:\/\/samaritangalanta.sk\/wp-content\/uploads\/2025\/09\/image-300x116.png 300w\" sizes=\"(max-width: 248px) 100vw, 248px\" \/><\/figure>\n<!-- \/wp:image -->\n\n<!-- wp:media-text {\"mediaPosition\":\"right\",\"mediaId\":731,\"mediaType\":\"image\",\"mediaWidth\":36} -->\n<div class=\"wp-block-media-text alignwide has-media-on-the-right is-stacked-on-mobile\" style=\"grid-template-columns:auto 36%\"><figure class=\"wp-block-media-text__media\"><img loading=\"lazy\" width=\"744\" height=\"957\" src=\"https:\/\/samaritangalanta.sk\/wp-content\/uploads\/2025\/09\/image-1.jpg\" alt=\"\" class=\"wp-image-731 size-full\" srcset=\"https:\/\/samaritangalanta.sk\/wp-content\/uploads\/2025\/09\/image-1.jpg 744w, https:\/\/samaritangalanta.sk\/wp-content\/uploads\/2025\/09\/image-1-233x300.jpg 233w\" sizes=\"(max-width: 744px) 100vw, 744px\" \/><\/figure><div class=\"wp-block-media-text__content\"><!-- wp:paragraph -->\n<p>Projekt <em>\u201eZabezpe\u010denie kvalitn\u00e9ho vybavenia pre seniorov \u2013 n\u00e1kup kresla Gavota G\u201c<\/em> bol realizovan\u00fd s finan\u010dnou podporou <strong>Mesta Galanta<\/strong><strong>.<\/strong><\/p>\n<!-- \/wp:paragraph -->\n\n<!-- wp:paragraph -->\n<p>Centrum soci\u00e1lnych slu\u017eieb pre star\u0161\u00edch ob\u010danov <strong>Samarit\u00e1n<\/strong>vyjadruje hlbok\u00fa v\u010fa\u010dnos\u0165 mestu Galanta za poskytnut\u00fa finan\u010dn\u00fa podporu, v\u010faka ktorej sa podarilo zrealizova\u0165 tento v\u00fdznamn\u00fd projekt. Zak\u00fapen\u00edm \u0161peci\u00e1lneho kresla Gavota G sa podmienky pre na\u0161ich klientov v\u00fdrazne zlep\u0161ili. Modern\u00e9 vybavenie prin\u00e1\u0161a v\u00e4\u010d\u0161ie pohodlie, u\u013eah\u010duje starostlivos\u0165 a z\u00e1rove\u0148 prispieva k d\u00f4stojn\u00e9mu pre\u017e\u00edvaniu ka\u017edodenn\u00fdch chv\u00ed\u013e seniorov.<\/p>\n<!-- \/wp:paragraph -->\n\n<!-- wp:paragraph -->\n<p>Kreslo Gavota G je navrhnut\u00e9 tak, aby poskytovalo komfort, bezpe\u010dnos\u0165 a prisp\u00f4sobovalo sa potreb\u00e1m star\u0161\u00edch \u013eud\u00ed. V\u010faka tomu sa u n\u00e1s zv\u00fd\u0161ila nielen \u00farove\u0148 poskytovan\u00fdch slu\u017eieb, ale aj celkov\u00e1 kvalita \u017eivota na\u0161ich klientov, ktor\u00ed v\u010faka tomuto zariadeniu z\u00edskavaj\u00fa v\u00e4\u010d\u0161iu pohodu, istotu a podporu pri ka\u017edodenn\u00fdch aktivit\u00e1ch.<\/p>\n<!-- \/wp:paragraph -->\n\n<!-- wp:paragraph -->\n<p>Pomoc zo strany mesta vn\u00edmame ako prejav \u00facty a z\u00e1ujmu o star\u0161\u00edch ob\u010danov, ktor\u00ed si zasl\u00fa\u017eia d\u00f4stojn\u00e9 a plnohodnotn\u00e9 pre\u017e\u00edvanie svojho \u017eivota. Podpora podobn\u00fdch projektov je d\u00f4kazom, \u017ee mesto Galanta si uvedomuje v\u00fdznam soci\u00e1lnej starostlivosti a je ochotn\u00e9 prispieva\u0165 k jej zlep\u0161ovaniu.<\/p>\n<!-- \/wp:paragraph -->\n\n<!-- wp:paragraph -->\n<p>Za t\u00fato cenn\u00fa pomoc a prejaven\u00fa d\u00f4veru patr\u00ed mestu Galanta na\u0161e \u00faprimn\u00e9 a srde\u010dn\u00e9 <strong>po\u010fakovanie.<\/strong><\/p>\n<!-- \/wp:paragraph --><\/div><\/div>\n<!-- \/wp:media-text -->\n\n<!-- wp:paragraph -->\n<p><\/p>\n<!-- \/wp:paragraph --><\/div><\/li>\n<li><a href=\"https:\/\/samaritangalanta.sk\/?p=639\">Darujte n\u00e1m 2%<\/a><time datetime=\"2023-02-10T11:25:41+01:00\" class=\"wp-block-latest-posts__post-date\">10. February 2023<\/time><div class=\"wp-block-latest-posts__post-full-content\"><!-- wp:paragraph -->\n<p>Dovo\u013eujeme si V\u00e1s touto cestou oslovi\u0165 s mo\u017enos\u0165ou pouk\u00e1zania 2% z Va\u0161ich zaplaten\u00fdch dan\u00ed n\u00e1\u0161mu zariadeniu.<\/p>\n<!-- \/wp:paragraph -->\n\n<!-- wp:paragraph -->\n<p>Pros\u00edme V\u00e1s, darujete 2% zo svojich dan\u00ed pre CSS Samarit\u00e1n. Sme cirkevn\u00e1 organiz\u00e1cia. Star\u00e1me sa o star\u00fdch a chor\u00fdch \u013eud\u00ed.<\/p>\n<!-- \/wp:paragraph -->\n\n<!-- wp:paragraph -->\n<p><a href=\"https:\/\/samaritangalanta.sk\/?page_id=298\">Tla\u010div\u00e1 na 2% zo svojich dan\u00ed n\u00e1jdete tu.<\/a><\/p>\n<!-- \/wp:paragraph -->\n\n<!-- wp:paragraph -->\n<p>Potrebn\u00e9 na\u0161e \u00fadaje k darovaniu 2% dan\u00ed:<br>I\u010cO: 36091405<br>Pr\u00e1vna forma: Cirkevn\u00e1 organiz\u00e1cia<br>Obchodn\u00e9 meno, n\u00e1zov: Centrum soci\u00e1lnych slu\u017eieb pre star\u0161\u00edch ob\u010danov Samarit\u00e1n<br>S\u00eddlo- obec, PS\u010c, ulica, \u010d\u00edslo: Galanta, 924 01, Clementisove sady 903<\/p>\n<!-- \/wp:paragraph -->\n\n<!-- wp:paragraph -->\n<p>Srde\u010dne V\u00e1m \u010eAKUJEME<\/p>\n<!-- \/wp:paragraph --><\/div><\/li>\n<li><a href=\"https:\/\/samaritangalanta.sk\/?p=581\">Ma\u0161karn\u00fd ples 2023<\/a><time datetime=\"2023-02-10T09:05:47+01:00\" class=\"wp-block-latest-posts__post-date\">10. February 2023<\/time><div class=\"wp-block-latest-posts__post-full-content\"><!-- wp:paragraph -->\n<p>D\u0148a 8.2.2023 sme mali v na\u0161om zariaden\u00ed ma\u0161karn\u00fd ples.<br>Viac si m\u00f4\u017eete pozrie\u0165 v <a href=\"https:\/\/samaritangalanta.sk\/?p=593\">gal\u00e9rii.<\/a><\/p>\n<!-- \/wp:paragraph --><\/div><\/li>\n<\/ul>\n\n\n<p><\/p>\n","protected":false},"excerpt":{"rendered":"","protected":false},"author":1,"featured_media":0,"parent":0,"menu_order":0,"comment_status":"closed","ping_status":"closed","template":"","meta":{"_monsterinsights_skip_tracking":false,"_monsterinsights_sitenote_active":false,"_monsterinsights_sitenote_note":"","_monsterinsights_sitenote_category":0},"yoast_head":"<!-- This site is optimized with the Yoast SEO plugin v16.5 - https:\/\/yoast.com\/wordpress\/plugins\/seo\/ -->\n<title>Aktu\u00e1lne inform\u00e1cie - samaritangalanta.sk<\/title>\n<meta name=\"robots\" content=\"index, follow, max-snippet:-1, max-image-preview:large, max-video-preview:-1\" \/>\n<link rel=\"canonical\" href=\"https:\/\/samaritangalanta.sk\/\" \/>\n<meta property=\"og:locale\" content=\"en_US\" \/>\n<meta property=\"og:type\" content=\"article\" \/>\n<meta property=\"og:title\" content=\"Aktu\u00e1lne inform\u00e1cie - samaritangalanta.sk\" \/>\n<meta property=\"og:url\" content=\"https:\/\/samaritangalanta.sk\/\" \/>\n<meta property=\"og:site_name\" content=\"samaritangalanta.sk\" \/>\n<meta property=\"article:modified_time\" content=\"2023-12-22T08:06:12+00:00\" \/>\n<meta name=\"twitter:card\" content=\"summary_large_image\" \/>\n<script type=\"application\/ld+json\" class=\"yoast-schema-graph\">{\"@context\":\"https:\/\/schema.org\",\"@graph\":[{\"@type\":\"WebSite\",\"@id\":\"http:\/\/samaritangalanta.sk\/#website\",\"url\":\"http:\/\/samaritangalanta.sk\/\",\"name\":\"samaritangalanta.sk\",\"description\":\"Centrum soci\\u00e1lnych slu\\u017eieb pre star\\u0161\\u00edch ob\\u010danov Samarit\\u00e1n\",\"potentialAction\":[{\"@type\":\"SearchAction\",\"target\":\"http:\/\/samaritangalanta.sk\/?s={search_term_string}\",\"query-input\":\"required name=search_term_string\"}],\"inLanguage\":\"en-US\"},{\"@type\":\"WebPage\",\"@id\":\"https:\/\/samaritangalanta.sk\/#webpage\",\"url\":\"https:\/\/samaritangalanta.sk\/\",\"name\":\"Aktu\\u00e1lne inform\\u00e1cie - samaritangalanta.sk\",\"isPartOf\":{\"@id\":\"http:\/\/samaritangalanta.sk\/#website\"},\"datePublished\":\"2020-08-10T19:48:20+00:00\",\"dateModified\":\"2023-12-22T08:06:12+00:00\",\"breadcrumb\":{\"@id\":\"https:\/\/samaritangalanta.sk\/#breadcrumb\"},\"inLanguage\":\"en-US\",\"potentialAction\":[{\"@type\":\"ReadAction\",\"target\":[\"https:\/\/samaritangalanta.sk\/\"]}]},{\"@type\":\"BreadcrumbList\",\"@id\":\"https:\/\/samaritangalanta.sk\/#breadcrumb\",\"itemListElement\":[{\"@type\":\"ListItem\",\"position\":1,\"name\":\"Home\",\"item\":\"https:\/\/samaritangalanta.sk\/\"},{\"@type\":\"ListItem\",\"position\":2,\"name\":\"Aktu\\u00e1lne inform\\u00e1cie\"}]}]}<\/script>\n<!-- \/ Yoast SEO plugin. -->","_links":{"self":[{"href":"https:\/\/samaritangalanta.sk\/index.php?rest_route=\/wp\/v2\/pages\/206"}],"collection":[{"href":"https:\/\/samaritangalanta.sk\/index.php?rest_route=\/wp\/v2\/pages"}],"about":[{"href":"https:\/\/samaritangalanta.sk\/index.php?rest_route=\/wp\/v2\/types\/page"}],"author":[{"embeddable":true,"href":"https:\/\/samaritangalanta.sk\/index.php?rest_route=\/wp\/v2\/users\/1"}],"replies":[{"embeddable":true,"href":"https:\/\/samaritangalanta.sk\/index.php?rest_route=%2Fwp%2Fv2%2Fcomments&post=206"}],"version-history":[{"count":6,"href":"https:\/\/samaritangalanta.sk\/index.php?rest_route=\/wp\/v2\/pages\/206\/revisions"}],"predecessor-version":[{"id":657,"href":"https:\/\/samaritangalanta.sk\/index.php?rest_route=\/wp\/v2\/pages\/206\/revisions\/657"}],"wp:attachment":[{"href":"https:\/\/samaritangalanta.sk\/index.php?rest_route=%2Fwp%2Fv2%2Fmedia&parent=206"}],"curies":[{"name":"wp","href":"https:\/\/api.w.org\/{rel}","templated":true}]}}