{"id":281,"date":"2021-06-24T07:00:28","date_gmt":"2021-06-24T05:00:28","guid":{"rendered":"https:\/\/samaritangalanta.sk\/?page_id=281"},"modified":"2022-01-11T14:03:45","modified_gmt":"2022-01-11T13:03:45","slug":"duchovna-starostlivost","status":"publish","type":"page","link":"https:\/\/samaritangalanta.sk\/?page_id=281","title":{"rendered":"Duchovn\u00e1 starostlivos\u0165"},"content":{"rendered":"\n<p>Duchovn\u00e1 starostlivos\u0165 pre na\u0161ich klientov a\u00a0zamestnancov je zabezpe\u010den\u00e9 prostredn\u00edctvom cirkevn\u00e9ho zboru ECAV na Slovensku Galanta. Zamestnanci a\u00a0klienti n\u00e1\u0161ho zariadenia sa ka\u017ed\u00e9 r\u00e1no stret\u00e1vaj\u00fa na kr\u00e1tkom zamyslen\u00ed nad Bo\u017e\u00edm Slovom. Rann\u00e9 zamyslenia za\u010d\u00edname spravidla vyznan\u00edm Viery v\u0161eobecnej kres\u0165anskej, \u010falej pokra\u010dujeme pies\u0148ou vybranou z\u00a0evanjelick\u00e9ho spevn\u00edka a\u00a0nasleduje kr\u00e1tke zamyslenie nad Bo\u017e\u00edm Slovom na ka\u017ed\u00fd de\u0148. Rann\u00e9 zamyslenia ukon\u010dujeme\u00a0spolo\u010dnou modlitbou.<\/p>\n\n\n\n<p><br>Ka\u017ed\u00fa nede\u013eu sa v\u00a0CSS Samarit\u00e1n konaj\u00fa Slu\u017eby Bo\u017eie. Prv\u00fd t\u00fd\u017ede\u0148 v\u00a0mesiaci s\u00fa Slu\u017eby Bo\u017eie s\u00a0Ve\u010derou P\u00e1novou. V\u00a0zariaden\u00ed pre seniorov Simeon v\u00a0Kajali sa na\u0161i klienti m\u00f4\u017eu z\u00fa\u010dastni\u0165 na Slu\u017eb\u00e1ch Bo\u017e\u00edch priamo v kostole, ktor\u00fd je v\u00a0tesnej bl\u00edzkosti zariadenia. \u010ealej v\u00a0r\u00e1mci n\u00e1\u0161ho zariadenia klientom poskytuje duchovn\u00e9 a\u00a0pastor\u00e1lne slu\u017eby. Far\u00e1r Mgr. Jaroslav Mlyn\u00e1r, ktor\u00fd sa venuje klientom prostredn\u00edctvom individu\u00e1lnych pastor\u00e1lnych rozhovorov na izb\u00e1ch.<\/p>\n","protected":false},"excerpt":{"rendered":"<p>Duchovn\u00e1 starostlivos\u0165 pre na\u0161ich klientov a\u00a0zamestnancov je zabezpe\u010den\u00e9 prostredn\u00edctvom cirkevn\u00e9ho zboru ECAV na Slovensku Galanta. Zamestnanci a\u00a0klienti n\u00e1\u0161ho zariadenia sa ka\u017ed\u00e9 r\u00e1no stret\u00e1vaj\u00fa na kr\u00e1tkom zamyslen\u00ed nad Bo\u017e\u00edm Slovom. Rann\u00e9 zamyslenia za\u010d\u00edname spravidla vyznan\u00edm Viery v\u0161eobecnej kres\u0165anskej, \u010falej pokra\u010dujeme pies\u0148ou vybranou z\u00a0evanjelick\u00e9ho spevn\u00edka a\u00a0nasleduje kr\u00e1tke zamyslenie nad Bo\u017e\u00edm Slovom na ka\u017ed\u00fd de\u0148. Rann\u00e9 zamyslenia ukon\u010dujeme\u00a0spolo\u010dnou <a href=\"https:\/\/samaritangalanta.sk\/?page_id=281\" class=\"read-more inline\">Read More<\/a><\/p>\n","protected":false},"author":1,"featured_media":0,"parent":0,"menu_order":0,"comment_status":"closed","ping_status":"closed","template":"","meta":{"_monsterinsights_skip_tracking":false,"_monsterinsights_sitenote_active":false,"_monsterinsights_sitenote_note":"","_monsterinsights_sitenote_category":0},"yoast_head":"<!-- This site is optimized with the Yoast SEO plugin v16.5 - https:\/\/yoast.com\/wordpress\/plugins\/seo\/ -->\n<title>Duchovn\u00e1 starostlivos\u0165 - samaritangalanta.sk<\/title>\n<meta name=\"robots\" content=\"index, follow, max-snippet:-1, max-image-preview:large, max-video-preview:-1\" \/>\n<link rel=\"canonical\" href=\"https:\/\/samaritangalanta.sk\/?page_id=281\" \/>\n<meta property=\"og:locale\" content=\"en_US\" \/>\n<meta property=\"og:type\" content=\"article\" \/>\n<meta property=\"og:title\" content=\"Duchovn\u00e1 starostlivos\u0165 - samaritangalanta.sk\" \/>\n<meta property=\"og:description\" content=\"Duchovn\u00e1 starostlivos\u0165 pre na\u0161ich klientov a\u00a0zamestnancov je zabezpe\u010den\u00e9 prostredn\u00edctvom cirkevn\u00e9ho zboru ECAV na Slovensku Galanta. Zamestnanci a\u00a0klienti n\u00e1\u0161ho zariadenia sa ka\u017ed\u00e9 r\u00e1no stret\u00e1vaj\u00fa na kr\u00e1tkom zamyslen\u00ed nad Bo\u017e\u00edm Slovom. Rann\u00e9 zamyslenia za\u010d\u00edname spravidla vyznan\u00edm Viery v\u0161eobecnej kres\u0165anskej, \u010falej pokra\u010dujeme pies\u0148ou vybranou z\u00a0evanjelick\u00e9ho spevn\u00edka a\u00a0nasleduje kr\u00e1tke zamyslenie nad Bo\u017e\u00edm Slovom na ka\u017ed\u00fd de\u0148. Rann\u00e9 zamyslenia ukon\u010dujeme\u00a0spolo\u010dnou Read More\" \/>\n<meta property=\"og:url\" content=\"https:\/\/samaritangalanta.sk\/?page_id=281\" \/>\n<meta property=\"og:site_name\" content=\"samaritangalanta.sk\" \/>\n<meta property=\"article:modified_time\" content=\"2022-01-11T13:03:45+00:00\" \/>\n<meta name=\"twitter:card\" content=\"summary_large_image\" \/>\n<meta name=\"twitter:label1\" content=\"Est. reading time\" \/>\n\t<meta name=\"twitter:data1\" content=\"1 minute\" \/>\n<script type=\"application\/ld+json\" class=\"yoast-schema-graph\">{\"@context\":\"https:\/\/schema.org\",\"@graph\":[{\"@type\":\"WebSite\",\"@id\":\"http:\/\/samaritangalanta.sk\/#website\",\"url\":\"http:\/\/samaritangalanta.sk\/\",\"name\":\"samaritangalanta.sk\",\"description\":\"Centrum soci\\u00e1lnych slu\\u017eieb pre star\\u0161\\u00edch ob\\u010danov Samarit\\u00e1n\",\"potentialAction\":[{\"@type\":\"SearchAction\",\"target\":\"http:\/\/samaritangalanta.sk\/?s={search_term_string}\",\"query-input\":\"required name=search_term_string\"}],\"inLanguage\":\"en-US\"},{\"@type\":\"WebPage\",\"@id\":\"https:\/\/samaritangalanta.sk\/?page_id=281#webpage\",\"url\":\"https:\/\/samaritangalanta.sk\/?page_id=281\",\"name\":\"Duchovn\\u00e1 starostlivos\\u0165 - samaritangalanta.sk\",\"isPartOf\":{\"@id\":\"http:\/\/samaritangalanta.sk\/#website\"},\"datePublished\":\"2021-06-24T05:00:28+00:00\",\"dateModified\":\"2022-01-11T13:03:45+00:00\",\"breadcrumb\":{\"@id\":\"https:\/\/samaritangalanta.sk\/?page_id=281#breadcrumb\"},\"inLanguage\":\"en-US\",\"potentialAction\":[{\"@type\":\"ReadAction\",\"target\":[\"https:\/\/samaritangalanta.sk\/?page_id=281\"]}]},{\"@type\":\"BreadcrumbList\",\"@id\":\"https:\/\/samaritangalanta.sk\/?page_id=281#breadcrumb\",\"itemListElement\":[{\"@type\":\"ListItem\",\"position\":1,\"name\":\"Home\",\"item\":\"https:\/\/samaritangalanta.sk\/\"},{\"@type\":\"ListItem\",\"position\":2,\"name\":\"Duchovn\\u00e1 starostlivos\\u0165\"}]}]}<\/script>\n<!-- \/ Yoast SEO plugin. -->","_links":{"self":[{"href":"https:\/\/samaritangalanta.sk\/index.php?rest_route=\/wp\/v2\/pages\/281"}],"collection":[{"href":"https:\/\/samaritangalanta.sk\/index.php?rest_route=\/wp\/v2\/pages"}],"about":[{"href":"https:\/\/samaritangalanta.sk\/index.php?rest_route=\/wp\/v2\/types\/page"}],"author":[{"embeddable":true,"href":"https:\/\/samaritangalanta.sk\/index.php?rest_route=\/wp\/v2\/users\/1"}],"replies":[{"embeddable":true,"href":"https:\/\/samaritangalanta.sk\/index.php?rest_route=%2Fwp%2Fv2%2Fcomments&post=281"}],"version-history":[{"count":3,"href":"https:\/\/samaritangalanta.sk\/index.php?rest_route=\/wp\/v2\/pages\/281\/revisions"}],"predecessor-version":[{"id":462,"href":"https:\/\/samaritangalanta.sk\/index.php?rest_route=\/wp\/v2\/pages\/281\/revisions\/462"}],"wp:attachment":[{"href":"https:\/\/samaritangalanta.sk\/index.php?rest_route=%2Fwp%2Fv2%2Fmedia&parent=281"}],"curies":[{"name":"wp","href":"https:\/\/api.w.org\/{rel}","templated":true}]}}