{"id":285,"date":"2021-06-24T07:01:54","date_gmt":"2021-06-24T05:01:54","guid":{"rendered":"https:\/\/samaritangalanta.sk\/?page_id=285"},"modified":"2023-02-10T11:38:59","modified_gmt":"2023-02-10T10:38:59","slug":"stravovanie","status":"publish","type":"page","link":"https:\/\/samaritangalanta.sk\/?page_id=285","title":{"rendered":"Stravovanie"},"content":{"rendered":"\n<p>V\u00a0Centre soci\u00e1lnych slu\u017eieb pre star\u0161\u00edch ob\u010danov Samarit\u00e1n m\u00e1me zriaden\u00fa vlastn\u00fa kuchy\u0148u.<br>Ved\u00faci kuchyne spolu s\u00a0vrchnou zdravotnou sestrou, ka\u017ed\u00fd mesiac zostavuj\u00fa vyv\u00e1\u017een\u00fd jed\u00e1lny l\u00edstok pre na\u0161ich klientov, s\u00a0prihliadnut\u00edm na ich zdravotn\u00fd stav a\u00a0di\u00e9ty zariaden\u00e9 odborn\u00fdmi lek\u00e1rmi.<br>Taktie\u017e poskytujeme pre obyvate\u013eov rozvoz stravy do dom\u00e1cnost\u00ed v Galante a v\u00a0Kajali pod\u013ea \u00a7 58 z\u00e1kona 448\/2008 Z.z. o soci\u00e1lnych slu\u017eb\u00e1ch v znen\u00ed neskor\u0161\u00edch predpisov. V kuchyni denne priprav\u00edme cca 72 obedov z\u00a0toho 10 obedov rozvezieme pre klientov do ich dom\u00e1cnost\u00ed.<\/p>\n","protected":false},"excerpt":{"rendered":"<p>V\u00a0Centre soci\u00e1lnych slu\u017eieb pre star\u0161\u00edch ob\u010danov Samarit\u00e1n m\u00e1me zriaden\u00fa vlastn\u00fa kuchy\u0148u.Ved\u00faci kuchyne spolu s\u00a0vrchnou zdravotnou sestrou, ka\u017ed\u00fd mesiac zostavuj\u00fa vyv\u00e1\u017een\u00fd jed\u00e1lny l\u00edstok pre na\u0161ich klientov, s\u00a0prihliadnut\u00edm na ich zdravotn\u00fd stav a\u00a0di\u00e9ty zariaden\u00e9 odborn\u00fdmi lek\u00e1rmi.Taktie\u017e poskytujeme pre obyvate\u013eov rozvoz stravy do dom\u00e1cnost\u00ed v Galante a v\u00a0Kajali pod\u013ea \u00a7 58 z\u00e1kona 448\/2008 Z.z. o soci\u00e1lnych slu\u017eb\u00e1ch v <a href=\"https:\/\/samaritangalanta.sk\/?page_id=285\" class=\"read-more inline\">Read More<\/a><\/p>\n","protected":false},"author":1,"featured_media":0,"parent":0,"menu_order":0,"comment_status":"closed","ping_status":"closed","template":"","meta":{"_monsterinsights_skip_tracking":false,"_monsterinsights_sitenote_active":false,"_monsterinsights_sitenote_note":"","_monsterinsights_sitenote_category":0},"yoast_head":"<!-- This site is optimized with the Yoast SEO plugin v16.5 - https:\/\/yoast.com\/wordpress\/plugins\/seo\/ -->\n<title>Stravovanie - samaritangalanta.sk<\/title>\n<meta name=\"robots\" content=\"index, follow, max-snippet:-1, max-image-preview:large, max-video-preview:-1\" \/>\n<link rel=\"canonical\" href=\"https:\/\/samaritangalanta.sk\/?page_id=285\" \/>\n<meta property=\"og:locale\" content=\"en_US\" \/>\n<meta property=\"og:type\" content=\"article\" \/>\n<meta property=\"og:title\" content=\"Stravovanie - samaritangalanta.sk\" \/>\n<meta property=\"og:description\" content=\"V\u00a0Centre soci\u00e1lnych slu\u017eieb pre star\u0161\u00edch ob\u010danov Samarit\u00e1n m\u00e1me zriaden\u00fa vlastn\u00fa kuchy\u0148u.Ved\u00faci kuchyne spolu s\u00a0vrchnou zdravotnou sestrou, ka\u017ed\u00fd mesiac zostavuj\u00fa vyv\u00e1\u017een\u00fd jed\u00e1lny l\u00edstok pre na\u0161ich klientov, s\u00a0prihliadnut\u00edm na ich zdravotn\u00fd stav a\u00a0di\u00e9ty zariaden\u00e9 odborn\u00fdmi lek\u00e1rmi.Taktie\u017e poskytujeme pre obyvate\u013eov rozvoz stravy do dom\u00e1cnost\u00ed v Galante a v\u00a0Kajali pod\u013ea \u00a7 58 z\u00e1kona 448\/2008 Z.z. o soci\u00e1lnych slu\u017eb\u00e1ch v Read More\" \/>\n<meta property=\"og:url\" content=\"https:\/\/samaritangalanta.sk\/?page_id=285\" \/>\n<meta property=\"og:site_name\" content=\"samaritangalanta.sk\" \/>\n<meta property=\"article:modified_time\" content=\"2023-02-10T10:38:59+00:00\" \/>\n<meta name=\"twitter:card\" content=\"summary_large_image\" \/>\n<meta name=\"twitter:label1\" content=\"Est. reading time\" \/>\n\t<meta name=\"twitter:data1\" content=\"1 minute\" \/>\n<script type=\"application\/ld+json\" class=\"yoast-schema-graph\">{\"@context\":\"https:\/\/schema.org\",\"@graph\":[{\"@type\":\"WebSite\",\"@id\":\"http:\/\/samaritangalanta.sk\/#website\",\"url\":\"http:\/\/samaritangalanta.sk\/\",\"name\":\"samaritangalanta.sk\",\"description\":\"Centrum soci\\u00e1lnych slu\\u017eieb pre star\\u0161\\u00edch ob\\u010danov Samarit\\u00e1n\",\"potentialAction\":[{\"@type\":\"SearchAction\",\"target\":\"http:\/\/samaritangalanta.sk\/?s={search_term_string}\",\"query-input\":\"required name=search_term_string\"}],\"inLanguage\":\"en-US\"},{\"@type\":\"WebPage\",\"@id\":\"https:\/\/samaritangalanta.sk\/?page_id=285#webpage\",\"url\":\"https:\/\/samaritangalanta.sk\/?page_id=285\",\"name\":\"Stravovanie - samaritangalanta.sk\",\"isPartOf\":{\"@id\":\"http:\/\/samaritangalanta.sk\/#website\"},\"datePublished\":\"2021-06-24T05:01:54+00:00\",\"dateModified\":\"2023-02-10T10:38:59+00:00\",\"breadcrumb\":{\"@id\":\"https:\/\/samaritangalanta.sk\/?page_id=285#breadcrumb\"},\"inLanguage\":\"en-US\",\"potentialAction\":[{\"@type\":\"ReadAction\",\"target\":[\"https:\/\/samaritangalanta.sk\/?page_id=285\"]}]},{\"@type\":\"BreadcrumbList\",\"@id\":\"https:\/\/samaritangalanta.sk\/?page_id=285#breadcrumb\",\"itemListElement\":[{\"@type\":\"ListItem\",\"position\":1,\"name\":\"Home\",\"item\":\"https:\/\/samaritangalanta.sk\/\"},{\"@type\":\"ListItem\",\"position\":2,\"name\":\"Stravovanie\"}]}]}<\/script>\n<!-- \/ Yoast SEO plugin. -->","_links":{"self":[{"href":"https:\/\/samaritangalanta.sk\/index.php?rest_route=\/wp\/v2\/pages\/285"}],"collection":[{"href":"https:\/\/samaritangalanta.sk\/index.php?rest_route=\/wp\/v2\/pages"}],"about":[{"href":"https:\/\/samaritangalanta.sk\/index.php?rest_route=\/wp\/v2\/types\/page"}],"author":[{"embeddable":true,"href":"https:\/\/samaritangalanta.sk\/index.php?rest_route=\/wp\/v2\/users\/1"}],"replies":[{"embeddable":true,"href":"https:\/\/samaritangalanta.sk\/index.php?rest_route=%2Fwp%2Fv2%2Fcomments&post=285"}],"version-history":[{"count":2,"href":"https:\/\/samaritangalanta.sk\/index.php?rest_route=\/wp\/v2\/pages\/285\/revisions"}],"predecessor-version":[{"id":646,"href":"https:\/\/samaritangalanta.sk\/index.php?rest_route=\/wp\/v2\/pages\/285\/revisions\/646"}],"wp:attachment":[{"href":"https:\/\/samaritangalanta.sk\/index.php?rest_route=%2Fwp%2Fv2%2Fmedia&parent=285"}],"curies":[{"name":"wp","href":"https:\/\/api.w.org\/{rel}","templated":true}]}}