{"id":289,"date":"2021-06-24T07:04:06","date_gmt":"2021-06-24T05:04:06","guid":{"rendered":"https:\/\/samaritangalanta.sk\/?page_id=289"},"modified":"2025-04-03T09:50:09","modified_gmt":"2025-04-03T07:50:09","slug":"cennik","status":"publish","type":"page","link":"https:\/\/samaritangalanta.sk\/?page_id=289","title":{"rendered":"Cenn\u00edk"},"content":{"rendered":"\n<p>Jednol\u00f4\u017ekov\u00e1 izba \u2026\u2026\u2026\u2026\u2026\u2026\u2026\u2026\u2026\u2026\u2026\u2026\u2026\u2026\u2026\u2026\u2026\u2026\u2026\u2026\u2026\u2026\u2026\u2026\u2026\u2026\u2026\u2026.. 900 \u20ac na mesiac<br>Dvojl\u00f4\u017ekov\u00e1 izba a\u00a0izba intenz\u00edvnej starostlivosti \u2026\u2026\u2026\u2026\u2026\u2026\u2026\u2026\u2026\u2026&#8230;800 \u20ac na mesiac<\/p>\n\n\n\n<p>V sum\u00e1ch s\u00fa zahrnut\u00e9 slu\u017eby:<\/p>\n\n\n\n<ul><li>strava<\/li><li>pranie<\/li><li>\u017eehlenie<\/li><li>\u00fadr\u017eba bielizne a&nbsp;spotrebi\u010dov<\/li><li>upratovanie<\/li><li>odvoz k&nbsp;lek\u00e1rovi<\/li><li>TV na dvojl\u00f4\u017ekovej izbe<\/li><li>n\u00e1kupy pre obyvate\u013eov<br>Doplnkov\u00e9 slu\u017eby cenn\u00edk<\/li><\/ul>\n","protected":false},"excerpt":{"rendered":"<p>Jednol\u00f4\u017ekov\u00e1 izba \u2026\u2026\u2026\u2026\u2026\u2026\u2026\u2026\u2026\u2026\u2026\u2026\u2026\u2026\u2026\u2026\u2026\u2026\u2026\u2026\u2026\u2026\u2026\u2026\u2026\u2026\u2026\u2026.. 900 \u20ac na mesiacDvojl\u00f4\u017ekov\u00e1 izba a\u00a0izba intenz\u00edvnej starostlivosti \u2026\u2026\u2026\u2026\u2026\u2026\u2026\u2026\u2026\u2026&#8230;800 \u20ac na mesiac V sum\u00e1ch s\u00fa zahrnut\u00e9 slu\u017eby: strava pranie \u017eehlenie \u00fadr\u017eba bielizne a&nbsp;spotrebi\u010dov upratovanie odvoz k&nbsp;lek\u00e1rovi TV na dvojl\u00f4\u017ekovej izbe n\u00e1kupy pre obyvate\u013eovDoplnkov\u00e9 slu\u017eby cenn\u00edk<\/p>\n","protected":false},"author":1,"featured_media":0,"parent":0,"menu_order":0,"comment_status":"closed","ping_status":"closed","template":"","meta":{"_monsterinsights_skip_tracking":false,"_monsterinsights_sitenote_active":false,"_monsterinsights_sitenote_note":"","_monsterinsights_sitenote_category":0},"yoast_head":"<!-- This site is optimized with the Yoast SEO plugin v16.5 - https:\/\/yoast.com\/wordpress\/plugins\/seo\/ -->\n<title>Cenn\u00edk - samaritangalanta.sk<\/title>\n<meta name=\"robots\" content=\"index, follow, max-snippet:-1, max-image-preview:large, max-video-preview:-1\" \/>\n<link rel=\"canonical\" href=\"https:\/\/samaritangalanta.sk\/?page_id=289\" \/>\n<meta property=\"og:locale\" content=\"en_US\" \/>\n<meta property=\"og:type\" content=\"article\" \/>\n<meta property=\"og:title\" content=\"Cenn\u00edk - samaritangalanta.sk\" \/>\n<meta property=\"og:description\" content=\"Jednol\u00f4\u017ekov\u00e1 izba \u2026\u2026\u2026\u2026\u2026\u2026\u2026\u2026\u2026\u2026\u2026\u2026\u2026\u2026\u2026\u2026\u2026\u2026\u2026\u2026\u2026\u2026\u2026\u2026\u2026\u2026\u2026\u2026.. 900 \u20ac na mesiacDvojl\u00f4\u017ekov\u00e1 izba a\u00a0izba intenz\u00edvnej starostlivosti \u2026\u2026\u2026\u2026\u2026\u2026\u2026\u2026\u2026\u2026&#8230;800 \u20ac na mesiac V sum\u00e1ch s\u00fa zahrnut\u00e9 slu\u017eby: strava pranie \u017eehlenie \u00fadr\u017eba bielizne a&nbsp;spotrebi\u010dov upratovanie odvoz k&nbsp;lek\u00e1rovi TV na dvojl\u00f4\u017ekovej izbe n\u00e1kupy pre obyvate\u013eovDoplnkov\u00e9 slu\u017eby cenn\u00edk\" \/>\n<meta property=\"og:url\" content=\"https:\/\/samaritangalanta.sk\/?page_id=289\" \/>\n<meta property=\"og:site_name\" content=\"samaritangalanta.sk\" \/>\n<meta property=\"article:modified_time\" content=\"2025-04-03T07:50:09+00:00\" \/>\n<meta name=\"twitter:card\" content=\"summary_large_image\" \/>\n<meta name=\"twitter:label1\" content=\"Est. reading time\" \/>\n\t<meta name=\"twitter:data1\" content=\"1 minute\" \/>\n<script type=\"application\/ld+json\" class=\"yoast-schema-graph\">{\"@context\":\"https:\/\/schema.org\",\"@graph\":[{\"@type\":\"WebSite\",\"@id\":\"http:\/\/samaritangalanta.sk\/#website\",\"url\":\"http:\/\/samaritangalanta.sk\/\",\"name\":\"samaritangalanta.sk\",\"description\":\"Centrum soci\\u00e1lnych slu\\u017eieb pre star\\u0161\\u00edch ob\\u010danov Samarit\\u00e1n\",\"potentialAction\":[{\"@type\":\"SearchAction\",\"target\":\"http:\/\/samaritangalanta.sk\/?s={search_term_string}\",\"query-input\":\"required name=search_term_string\"}],\"inLanguage\":\"en-US\"},{\"@type\":\"WebPage\",\"@id\":\"https:\/\/samaritangalanta.sk\/?page_id=289#webpage\",\"url\":\"https:\/\/samaritangalanta.sk\/?page_id=289\",\"name\":\"Cenn\\u00edk - samaritangalanta.sk\",\"isPartOf\":{\"@id\":\"http:\/\/samaritangalanta.sk\/#website\"},\"datePublished\":\"2021-06-24T05:04:06+00:00\",\"dateModified\":\"2025-04-03T07:50:09+00:00\",\"breadcrumb\":{\"@id\":\"https:\/\/samaritangalanta.sk\/?page_id=289#breadcrumb\"},\"inLanguage\":\"en-US\",\"potentialAction\":[{\"@type\":\"ReadAction\",\"target\":[\"https:\/\/samaritangalanta.sk\/?page_id=289\"]}]},{\"@type\":\"BreadcrumbList\",\"@id\":\"https:\/\/samaritangalanta.sk\/?page_id=289#breadcrumb\",\"itemListElement\":[{\"@type\":\"ListItem\",\"position\":1,\"name\":\"Home\",\"item\":\"https:\/\/samaritangalanta.sk\/\"},{\"@type\":\"ListItem\",\"position\":2,\"name\":\"Cenn\\u00edk\"}]}]}<\/script>\n<!-- \/ Yoast SEO plugin. -->","_links":{"self":[{"href":"https:\/\/samaritangalanta.sk\/index.php?rest_route=\/wp\/v2\/pages\/289"}],"collection":[{"href":"https:\/\/samaritangalanta.sk\/index.php?rest_route=\/wp\/v2\/pages"}],"about":[{"href":"https:\/\/samaritangalanta.sk\/index.php?rest_route=\/wp\/v2\/types\/page"}],"author":[{"embeddable":true,"href":"https:\/\/samaritangalanta.sk\/index.php?rest_route=\/wp\/v2\/users\/1"}],"replies":[{"embeddable":true,"href":"https:\/\/samaritangalanta.sk\/index.php?rest_route=%2Fwp%2Fv2%2Fcomments&post=289"}],"version-history":[{"count":6,"href":"https:\/\/samaritangalanta.sk\/index.php?rest_route=\/wp\/v2\/pages\/289\/revisions"}],"predecessor-version":[{"id":727,"href":"https:\/\/samaritangalanta.sk\/index.php?rest_route=\/wp\/v2\/pages\/289\/revisions\/727"}],"wp:attachment":[{"href":"https:\/\/samaritangalanta.sk\/index.php?rest_route=%2Fwp%2Fv2%2Fmedia&parent=289"}],"curies":[{"name":"wp","href":"https:\/\/api.w.org\/{rel}","templated":true}]}}