{"id":535,"date":"2022-05-13T14:55:14","date_gmt":"2022-05-13T12:55:14","guid":{"rendered":"https:\/\/samaritangalanta.sk\/?page_id=535"},"modified":"2025-04-03T09:48:29","modified_gmt":"2025-04-03T07:48:29","slug":"vyrocne-spravy","status":"publish","type":"page","link":"https:\/\/samaritangalanta.sk\/?page_id=535","title":{"rendered":"V\u00fdro\u010dn\u00e9 spr\u00e1vy"},"content":{"rendered":"\n<p>Rok 2024:<\/p>\n\n\n\n<p><a href=\"https:\/\/samaritangalanta.sk\/?attachment_id=725\" target=\"_blank\" rel=\"noreferrer noopener\">EON Samarit\u00e1n 2024<\/a><\/p>\n\n\n\n<p><a href=\"https:\/\/samaritangalanta.sk\/?attachment_id=724\" target=\"_blank\" rel=\"noreferrer noopener\">EON Simeon 2024<\/a><\/p>\n\n\n\n<p>Rok 2023:<\/p>\n\n\n\n<p><a href=\"https:\/\/samaritangalanta.sk\/?attachment_id=702\" target=\"_blank\" rel=\"noreferrer noopener\">EON Samarit\u00e1n 2023<\/a><\/p>\n\n\n\n<p><a href=\"https:\/\/samaritangalanta.sk\/?attachment_id=701\" target=\"_blank\" rel=\"noreferrer noopener\">EON Simeon 2023<\/a><\/p>\n\n\n\n<p><a href=\"https:\/\/samaritangalanta.sk\/?attachment_id=723\" target=\"_blank\" rel=\"noreferrer noopener\">V\u00fdro\u010dn\u00e1 spr\u00e1va 2023<\/a><\/p>\n\n\n\n<p>Rok 2022:<\/p>\n\n\n\n<p><a href=\"https:\/\/samaritangalanta.sk\/?attachment_id=696\" target=\"_blank\" rel=\"noreferrer noopener\">V\u00fdro\u010dn\u00e1 spr\u00e1va 2022<\/a><\/p>\n\n\n\n<p><a href=\"https:\/\/samaritangalanta.sk\/?attachment_id=693\" target=\"_blank\" rel=\"noreferrer noopener\">EON Samarit\u00e1n 2022<\/a><\/p>\n\n\n\n<p><a href=\"https:\/\/samaritangalanta.sk\/?attachment_id=692\" target=\"_blank\" rel=\"noreferrer noopener\">EON Simeon 2022<\/a><\/p>\n\n\n\n<p>Rok 2021:<\/p>\n\n\n\n<p><a href=\"https:\/\/samaritangalanta.sk\/?attachment_id=530\" target=\"_blank\" rel=\"noopener\">V\u00fdro\u010dn\u00e1 spr\u00e1va 2021<\/a><\/p>\n\n\n\n<p><a href=\"https:\/\/samaritangalanta.sk\/?attachment_id=528\" target=\"_blank\" rel=\"noopener\">EON Samarit\u00e1n 2021<\/a><\/p>\n\n\n\n<p><a href=\"https:\/\/samaritangalanta.sk\/?attachment_id=529\" target=\"_blank\" rel=\"noreferrer noopener\">EON Simeon 2021<\/a><\/p>\n","protected":false},"excerpt":{"rendered":"<p>Rok 2024: EON Samarit\u00e1n 2024 EON Simeon 2024 Rok 2023: EON Samarit\u00e1n 2023 EON Simeon 2023 V\u00fdro\u010dn\u00e1 spr\u00e1va 2023 Rok 2022: V\u00fdro\u010dn\u00e1 spr\u00e1va 2022 EON Samarit\u00e1n 2022 EON Simeon 2022 Rok 2021: V\u00fdro\u010dn\u00e1 spr\u00e1va 2021 EON Samarit\u00e1n 2021 EON Simeon 2021<\/p>\n","protected":false},"author":1,"featured_media":0,"parent":0,"menu_order":0,"comment_status":"closed","ping_status":"closed","template":"","meta":{"_monsterinsights_skip_tracking":false,"_monsterinsights_sitenote_active":false,"_monsterinsights_sitenote_note":"","_monsterinsights_sitenote_category":0},"yoast_head":"<!-- This site is optimized with the Yoast SEO plugin v16.5 - https:\/\/yoast.com\/wordpress\/plugins\/seo\/ -->\n<title>V\u00fdro\u010dn\u00e9 spr\u00e1vy - samaritangalanta.sk<\/title>\n<meta name=\"robots\" content=\"index, follow, max-snippet:-1, max-image-preview:large, max-video-preview:-1\" \/>\n<link rel=\"canonical\" href=\"https:\/\/samaritangalanta.sk\/?page_id=535\" \/>\n<meta property=\"og:locale\" content=\"en_US\" \/>\n<meta property=\"og:type\" content=\"article\" \/>\n<meta property=\"og:title\" content=\"V\u00fdro\u010dn\u00e9 spr\u00e1vy - samaritangalanta.sk\" \/>\n<meta property=\"og:description\" content=\"Rok 2024: EON Samarit\u00e1n 2024 EON Simeon 2024 Rok 2023: EON Samarit\u00e1n 2023 EON Simeon 2023 V\u00fdro\u010dn\u00e1 spr\u00e1va 2023 Rok 2022: V\u00fdro\u010dn\u00e1 spr\u00e1va 2022 EON Samarit\u00e1n 2022 EON Simeon 2022 Rok 2021: V\u00fdro\u010dn\u00e1 spr\u00e1va 2021 EON Samarit\u00e1n 2021 EON Simeon 2021\" \/>\n<meta property=\"og:url\" content=\"https:\/\/samaritangalanta.sk\/?page_id=535\" \/>\n<meta property=\"og:site_name\" content=\"samaritangalanta.sk\" \/>\n<meta property=\"article:modified_time\" content=\"2025-04-03T07:48:29+00:00\" \/>\n<meta name=\"twitter:card\" content=\"summary_large_image\" \/>\n<meta name=\"twitter:label1\" content=\"Est. reading time\" \/>\n\t<meta name=\"twitter:data1\" content=\"1 minute\" \/>\n<script type=\"application\/ld+json\" class=\"yoast-schema-graph\">{\"@context\":\"https:\/\/schema.org\",\"@graph\":[{\"@type\":\"WebSite\",\"@id\":\"http:\/\/samaritangalanta.sk\/#website\",\"url\":\"http:\/\/samaritangalanta.sk\/\",\"name\":\"samaritangalanta.sk\",\"description\":\"Centrum soci\\u00e1lnych slu\\u017eieb pre star\\u0161\\u00edch ob\\u010danov Samarit\\u00e1n\",\"potentialAction\":[{\"@type\":\"SearchAction\",\"target\":\"http:\/\/samaritangalanta.sk\/?s={search_term_string}\",\"query-input\":\"required name=search_term_string\"}],\"inLanguage\":\"en-US\"},{\"@type\":\"WebPage\",\"@id\":\"https:\/\/samaritangalanta.sk\/?page_id=535#webpage\",\"url\":\"https:\/\/samaritangalanta.sk\/?page_id=535\",\"name\":\"V\\u00fdro\\u010dn\\u00e9 spr\\u00e1vy - samaritangalanta.sk\",\"isPartOf\":{\"@id\":\"http:\/\/samaritangalanta.sk\/#website\"},\"datePublished\":\"2022-05-13T12:55:14+00:00\",\"dateModified\":\"2025-04-03T07:48:29+00:00\",\"breadcrumb\":{\"@id\":\"https:\/\/samaritangalanta.sk\/?page_id=535#breadcrumb\"},\"inLanguage\":\"en-US\",\"potentialAction\":[{\"@type\":\"ReadAction\",\"target\":[\"https:\/\/samaritangalanta.sk\/?page_id=535\"]}]},{\"@type\":\"BreadcrumbList\",\"@id\":\"https:\/\/samaritangalanta.sk\/?page_id=535#breadcrumb\",\"itemListElement\":[{\"@type\":\"ListItem\",\"position\":1,\"name\":\"Home\",\"item\":\"https:\/\/samaritangalanta.sk\/\"},{\"@type\":\"ListItem\",\"position\":2,\"name\":\"V\\u00fdro\\u010dn\\u00e9 spr\\u00e1vy\"}]}]}<\/script>\n<!-- \/ Yoast SEO plugin. -->","_links":{"self":[{"href":"https:\/\/samaritangalanta.sk\/index.php?rest_route=\/wp\/v2\/pages\/535"}],"collection":[{"href":"https:\/\/samaritangalanta.sk\/index.php?rest_route=\/wp\/v2\/pages"}],"about":[{"href":"https:\/\/samaritangalanta.sk\/index.php?rest_route=\/wp\/v2\/types\/page"}],"author":[{"embeddable":true,"href":"https:\/\/samaritangalanta.sk\/index.php?rest_route=\/wp\/v2\/users\/1"}],"replies":[{"embeddable":true,"href":"https:\/\/samaritangalanta.sk\/index.php?rest_route=%2Fwp%2Fv2%2Fcomments&post=535"}],"version-history":[{"count":5,"href":"https:\/\/samaritangalanta.sk\/index.php?rest_route=\/wp\/v2\/pages\/535\/revisions"}],"predecessor-version":[{"id":726,"href":"https:\/\/samaritangalanta.sk\/index.php?rest_route=\/wp\/v2\/pages\/535\/revisions\/726"}],"wp:attachment":[{"href":"https:\/\/samaritangalanta.sk\/index.php?rest_route=%2Fwp%2Fv2%2Fmedia&parent=535"}],"curies":[{"name":"wp","href":"https:\/\/api.w.org\/{rel}","templated":true}]}}