{"id":57,"date":"2020-06-16T13:10:41","date_gmt":"2020-06-16T11:10:41","guid":{"rendered":"http:\/\/samaritangalanta.sk\/?page_id=57"},"modified":"2022-05-13T14:32:17","modified_gmt":"2022-05-13T12:32:17","slug":"__trashed","status":"publish","type":"page","link":"https:\/\/samaritangalanta.sk\/?page_id=57","title":{"rendered":"Simeon"},"content":{"rendered":"\n<p><strong>Slu\u017eby a&nbsp;starostlivos\u0165<\/strong><br>Zariadenie pre seniorov Simeon so s\u00eddlom Vi\u0161nov\u00e1 1 Kajal je organiza\u010dn\u00e1 jednotka CSS Samarit\u00e1na, poskytuj\u00faca v\u0161eobecno-prospe\u0161n\u00e9 slu\u017eby. Hlavn\u00fdm cie\u013eom je pomoc v&nbsp;nepriaznivej soci\u00e1lnej a&nbsp;zdravotnej situ\u00e1ci\u00ed ob\u010danom, ktor\u00ed s\u00fa na tento druh pomoci odk\u00e1zan\u00ed, zvy\u0161ovanie kvality \u017eivota a&nbsp;v&nbsp;neposlednom rade pomoc rodinn\u00fdm pr\u00edslu\u0161n\u00edkom. Soci\u00e1lne slu\u017eby s\u00fa poskytovan\u00e9 pod\u013ea z\u00e1kona \u010d.448\/2008 Z.z. o soci\u00e1lnych slu\u017eb\u00e1ch a o zmene a doplnen\u00ed z\u00e1kona \u010d.455\/1991Zb. o \u017eivnostenskom podnikan\u00ed (\u017eivnostensk\u00fd z\u00e1kon) v znen\u00ed neskor\u0161\u00edch predpisov.<\/p>\n\n\n\n<p><br><strong>Slu\u017eby<\/strong><br>Zariadenie pre seniorov Simeon, poskytuje soci\u00e1lnu slu\u017ebu pod\u013ea \u00a735. Okrem pobytovej celoro\u010dnej soci\u00e1lnej slu\u017eby v zariaden\u00ed pre seniorov poskytujeme pre ob\u010danov opatrovate\u013esk\u00fa slu\u017ebu v zmysle \u00a7 41. Taktie\u017e poskytujeme pre obyvate\u013eov rozvoz stravy do dom\u00e1cnost\u00ed v Galante a v&nbsp;Kajali pod\u013ea \u00a7 58.<\/p>\n\n\n\n<p><br><strong>Kapacita zariadenia<\/strong><br>Celkov\u00e1 kapacita Zariadenia pre seniorov Simeon je 11 miest.<\/p>\n\n\n\n<p><br><strong>Vybavenie zariadenia<\/strong><br>Zariadenie pre seniorov Simeon sa nach\u00e1dza v zrekon\u0161truovanej budove s&nbsp;roz\u013eahl\u00fdm pozemkom v dedinke Kajal asi 6 km vzdialenej od mesta Galanta. ZpS Simeon disponuje dlhou slne\u010dnou chodbou, na ktorej sa nach\u00e1dzaj\u00fa izby pre klientov, sestersk\u00e1 izba, kuchy\u0148a, jed\u00e1le\u0148 ktor\u00e1 je z\u00e1rove\u0148 spolo\u010denskou miestnos\u0165ou, miestnos\u0165 pre upratova\u010dku kotol\u0148a. Na n\u00e1dvor\u00ed je evanjelick\u00fd kostol, alt\u00e1nok a bohat\u00e1 kvetinov\u00e1 a parkov\u00e1 \u00faprava. V z\u00e1hrade s\u00fa zasaden\u00e9 ovocn\u00e9 stromy a kr\u00edky. V tomto n\u00e1dhernom prostred\u00ed obyvatelia tr\u00e1via svoju pokojn\u00fa starobu.<br><\/p>\n\n\n\n<p><strong>Vybavenie izieb<br><\/strong>Izby pre klientov s\u00fa vybaven\u00e9 \u0161tandardn\u00fdmi polohovate\u013en\u00fdmi l\u00f4\u017ekami s antidekubit\u00e1rnymi penov\u00fdmi matracmi. Pre le\u017eiacich klientov m\u00e1me elektrick\u00e9 polohovate\u013en\u00e9 l\u00f4\u017eka. Izby s\u00fa \u010falej vybaven\u00e9 stol\u00edkmi, no\u010dn\u00fdmi stol\u00edkmi, kreslom, stoli\u010dkami, skri\u0148ou na osobn\u00e9 veci a signaliza\u010dn\u00fdm zariaden\u00edm na privolanie o\u0161etruj\u00faceho person\u00e1lu. V&nbsp;ka\u017edej izbe sa nach\u00e1dza mal\u00e1 k\u00fape\u013e\u0148a, vybaven\u00e1 sprchov\u00fdm k\u00fatom, um\u00fdvadlom, a&nbsp;toaletou.<\/p>\n\n\n\n<p><br><strong>Opatrovate\u013esk\u00e1 slu\u017eba<br><\/strong>V zariaden\u00ed poskytujeme 24 hodinov\u00fa zdravotn\u00fa starostlivos\u0165 v rozsahu opatrovate\u013eskej slu\u017eby v s\u00falade s \u00a741 z\u00e1kona 448\/2008 Z.z. o soci\u00e1lnych slu\u017eb\u00e1ch v znen\u00ed neskor\u0161\u00edch predpisov. Ambulantn\u00fa zdravotn\u00fa starostlivos\u0165 pre na\u0161ich klientov zabezpe\u010duje v\u0161eobecn\u00fd lek\u00e1r zariadenia MUDr. Klaudia Zsidrov\u00e1. Zariadenie nav\u0161tevuje pod\u013ea potreby. Spolupracujeme aj s in\u00fdmi odborn\u00fdmi lek\u00e1rmi (neurol\u00f3g, kardiol\u00f3g, psychiater, urol\u00f3g a&nbsp;pod.). Klientom zariadenia je poskytovan\u00e1 komplexn\u00e1 zdravotn\u00e1 starostlivos\u0165, pod veden\u00edm vrchnej zdravotnej sestry, odborne vzdelan\u00e9 a&nbsp;sk\u00fasen\u00e9 opatrovate\u013eky sa staraj\u00fa o&nbsp;klientov po str\u00e1nke hygienickej, o\u0161etrovate\u013eskej a opatrovate\u013eskej. N\u00e1\u0161 person\u00e1l sprev\u00e1dza klientov na lek\u00e1rske vy\u0161etrenia a zdravotn\u00e9 kontroly . Pre klientov n\u00e1\u0161ho zariadenia zabezpe\u010dujeme lieky a zdravotn\u00e9 pom\u00f4cky.<\/p>\n\n\n\n<p><strong>Doplnkov\u00e9 slu\u017eby<br><\/strong>Klientom n\u00e1\u0161ho zariadenia na ich \u017eiados\u0165 zabezpe\u010dujeme fakultat\u00edvne slu\u017eby kadern\u00edka, manik\u00faru, pedik\u00faru a v&nbsp;pr\u00edpade z\u00e1ujmu mas\u00e1\u017ee priamo v zariaden\u00ed alebo mimo zariadenia. Klientom zabezpe\u010dujeme n\u00e1kupy pod\u013ea ich v\u00fdberu, alebo klientov sprev\u00e1dzame na n\u00e1kupy do mesta. V r\u00e1mci na\u0161ich mo\u017enost\u00ed klientom poskytujeme:<\/p>\n\n\n\n<ul id=\"block-12077fe5-14e0-4f91-8878-5bbc01e3831b\"><li>vodn\u00fa mas\u00e1\u017e n\u00f4h,<\/li><li>lampu Biostimul<\/li><li>objednanie kadern\u00edckych slu\u017eieb<\/li><li>objednanie pedik\u00e9ra<\/li><li>objednanie mas\u00e1\u017e\u00ed<\/li><li>na po\u017eiadanie zabezpe\u010d\u00edme rehabilita\u010dn\u00fa sestru<\/li><\/ul>\n\n\n\n<p><strong>Postup pri prijat\u00ed do Zariadenia pre seniorov Samarit\u00e1n<\/strong><br>Ob\u010dan m\u00e1 pr\u00e1vo v\u00fdberu soci\u00e1lnej slu\u017eby, formy jej poskytovania a v\u00fdberu poskytovate\u013ea soci\u00e1lnej slu\u017eby v zmysle z\u00e1kona. Do Zariadenia pre seniorov Samarit\u00e1n m\u00f4\u017ee by\u0165 prijat\u00fd ob\u010dan, ktor\u00e9mu bolo vydan\u00e9 pr\u00e1voplatn\u00e9 Rozhodnutie o odk\u00e1zanosti na soci\u00e1lnu slu\u017ebu so stup\u0148om odk\u00e1zanosti najmenej IV. Klient m\u00f4\u017ee by\u0165 do zariadenia soci\u00e1lnych slu\u017eieb prijat\u00fd bez splnenia vy\u0161\u0161ie uveden\u00edm podmienok. Ide o&nbsp;pr\u00edpady, ke\u010f je \u017eivot a&nbsp;zdravie klienta v\u00e1\u017ene ohrozen\u00e9 \u00a78 z\u00e1kona o soci\u00e1lnych slu\u017eb\u00e1ch. V&nbsp;takom pr\u00edpade je klient samoplatca, posta\u010duj\u00faca je podp\u00edsan\u00e1 platn\u00e1 zmluva medzi zariaden\u00edm a&nbsp;klientom. Pr\u00e1voplatn\u00e9 rozhodnutie si klient dodato\u010dne vybav\u00ed.<\/p>\n\n\n\n<p>Zariadenie pre seniorov (ZpS ) je pod\u013ea \u00a735 z\u00e1kona 448\/2008 Z.z. o soci\u00e1lnych slu\u017eb\u00e1ch ur\u010den\u00e9 pre fyzick\u00e9 osoby, ktor\u00e9 dov\u0155\u0161ili d\u00f4chodkov\u00fd vek a&nbsp;s\u00fa odk\u00e1zan\u00e9 na pomoc inej fyzickej osoby a ich stupe\u0148 odk\u00e1zanosti je najmenej IV, alebo t\u00fato slu\u017ebu potrebuj\u00fa z in\u00fdch v\u00e1\u017enych d\u00f4vodov.<\/p>\n\n\n\n<p><strong>K&nbsp;prijatiu je potrebn\u00e9 dolo\u017ei\u0165<\/strong><\/p>\n\n\n\n<ul id=\"block-07d75ea8-802b-4d0a-8ef9-11cd2e68a775\"><li>\u017diados\u0165 o zabezpe\u010denie poskytovania soci\u00e1lnej slu\u017eby<\/li><li>Pr\u00e1voplatn\u00e9 rozhodnutie o odk\u00e1zanosti na soci\u00e1lnu slu\u017ebu<\/li><li>Rozhodnutie o d\u00f4chodku zo Soci\u00e1lnej pois\u0165ovne<\/li><li>Vyhl\u00e1senie o&nbsp;majetku<\/li><li>Vy\u0161etrenia pred n\u00e1stupom do zariadenia<\/li><\/ul>\n\n\n\n<p>V\u0161etky ostatn\u00e9 n\u00e1le\u017eitosti spojen\u00e9 s pr\u00edjmom a pobytom klienta rie\u0161ime pri osobnom stretnut\u00ed pred prijat\u00edm klienta do zariadenia.<\/p>\n\n\n\n<p><strong>V\u0161etky \u017eiadosti o prijatie do zariadenia pre seniorov \/ tla\u010div\u00e1 m\u00f4\u017eete n\u00e1js\u0165 na str\u00e1nke <a href=\"https:\/\/samaritangalanta.sk\/?page_id=298\">Tla\u010div\u00e1 a darovanie 2%<\/a><\/strong>.<\/p>\n\n\n\n<p><strong>N\u00e1v\u0161tevn\u00e9 hodiny:<\/strong><br>Denne v&nbsp;\u010dase od 9:00 do 18:00 hod.<\/p>\n","protected":false},"excerpt":{"rendered":"<p>Slu\u017eby a&nbsp;starostlivos\u0165Zariadenie pre seniorov Simeon so s\u00eddlom Vi\u0161nov\u00e1 1 Kajal je organiza\u010dn\u00e1 jednotka CSS Samarit\u00e1na, poskytuj\u00faca v\u0161eobecno-prospe\u0161n\u00e9 slu\u017eby. Hlavn\u00fdm cie\u013eom je pomoc v&nbsp;nepriaznivej soci\u00e1lnej a&nbsp;zdravotnej situ\u00e1ci\u00ed ob\u010danom, ktor\u00ed s\u00fa na tento druh pomoci odk\u00e1zan\u00ed, zvy\u0161ovanie kvality \u017eivota a&nbsp;v&nbsp;neposlednom rade pomoc rodinn\u00fdm pr\u00edslu\u0161n\u00edkom. Soci\u00e1lne slu\u017eby s\u00fa poskytovan\u00e9 pod\u013ea z\u00e1kona \u010d.448\/2008 Z.z. o soci\u00e1lnych slu\u017eb\u00e1ch a o <a href=\"https:\/\/samaritangalanta.sk\/?page_id=57\" class=\"read-more inline\">Read More<\/a><\/p>\n","protected":false},"author":1,"featured_media":0,"parent":0,"menu_order":0,"comment_status":"closed","ping_status":"closed","template":"","meta":{"_monsterinsights_skip_tracking":false,"_monsterinsights_sitenote_active":false,"_monsterinsights_sitenote_note":"","_monsterinsights_sitenote_category":0},"yoast_head":"<!-- This site is optimized with the Yoast SEO plugin v16.5 - https:\/\/yoast.com\/wordpress\/plugins\/seo\/ -->\n<title>Simeon - samaritangalanta.sk<\/title>\n<meta name=\"robots\" content=\"index, follow, max-snippet:-1, max-image-preview:large, max-video-preview:-1\" \/>\n<link rel=\"canonical\" href=\"https:\/\/samaritangalanta.sk\/?page_id=57\" \/>\n<meta property=\"og:locale\" content=\"en_US\" \/>\n<meta property=\"og:type\" content=\"article\" \/>\n<meta property=\"og:title\" content=\"Simeon - samaritangalanta.sk\" \/>\n<meta property=\"og:description\" content=\"Slu\u017eby a&nbsp;starostlivos\u0165Zariadenie pre seniorov Simeon so s\u00eddlom Vi\u0161nov\u00e1 1 Kajal je organiza\u010dn\u00e1 jednotka CSS Samarit\u00e1na, poskytuj\u00faca v\u0161eobecno-prospe\u0161n\u00e9 slu\u017eby. Hlavn\u00fdm cie\u013eom je pomoc v&nbsp;nepriaznivej soci\u00e1lnej a&nbsp;zdravotnej situ\u00e1ci\u00ed ob\u010danom, ktor\u00ed s\u00fa na tento druh pomoci odk\u00e1zan\u00ed, zvy\u0161ovanie kvality \u017eivota a&nbsp;v&nbsp;neposlednom rade pomoc rodinn\u00fdm pr\u00edslu\u0161n\u00edkom. Soci\u00e1lne slu\u017eby s\u00fa poskytovan\u00e9 pod\u013ea z\u00e1kona \u010d.448\/2008 Z.z. o soci\u00e1lnych slu\u017eb\u00e1ch a o Read More\" \/>\n<meta property=\"og:url\" content=\"https:\/\/samaritangalanta.sk\/?page_id=57\" \/>\n<meta property=\"og:site_name\" content=\"samaritangalanta.sk\" \/>\n<meta property=\"article:modified_time\" content=\"2022-05-13T12:32:17+00:00\" \/>\n<meta name=\"twitter:card\" content=\"summary_large_image\" \/>\n<meta name=\"twitter:label1\" content=\"Est. reading time\" \/>\n\t<meta name=\"twitter:data1\" content=\"3 minutes\" \/>\n<script type=\"application\/ld+json\" class=\"yoast-schema-graph\">{\"@context\":\"https:\/\/schema.org\",\"@graph\":[{\"@type\":\"WebSite\",\"@id\":\"http:\/\/samaritangalanta.sk\/#website\",\"url\":\"http:\/\/samaritangalanta.sk\/\",\"name\":\"samaritangalanta.sk\",\"description\":\"Centrum soci\\u00e1lnych slu\\u017eieb pre star\\u0161\\u00edch ob\\u010danov Samarit\\u00e1n\",\"potentialAction\":[{\"@type\":\"SearchAction\",\"target\":\"http:\/\/samaritangalanta.sk\/?s={search_term_string}\",\"query-input\":\"required name=search_term_string\"}],\"inLanguage\":\"en-US\"},{\"@type\":\"WebPage\",\"@id\":\"https:\/\/samaritangalanta.sk\/?page_id=57#webpage\",\"url\":\"https:\/\/samaritangalanta.sk\/?page_id=57\",\"name\":\"Simeon - samaritangalanta.sk\",\"isPartOf\":{\"@id\":\"http:\/\/samaritangalanta.sk\/#website\"},\"datePublished\":\"2020-06-16T11:10:41+00:00\",\"dateModified\":\"2022-05-13T12:32:17+00:00\",\"breadcrumb\":{\"@id\":\"https:\/\/samaritangalanta.sk\/?page_id=57#breadcrumb\"},\"inLanguage\":\"en-US\",\"potentialAction\":[{\"@type\":\"ReadAction\",\"target\":[\"https:\/\/samaritangalanta.sk\/?page_id=57\"]}]},{\"@type\":\"BreadcrumbList\",\"@id\":\"https:\/\/samaritangalanta.sk\/?page_id=57#breadcrumb\",\"itemListElement\":[{\"@type\":\"ListItem\",\"position\":1,\"name\":\"Home\",\"item\":\"https:\/\/samaritangalanta.sk\/\"},{\"@type\":\"ListItem\",\"position\":2,\"name\":\"Simeon\"}]}]}<\/script>\n<!-- \/ Yoast SEO plugin. -->","_links":{"self":[{"href":"https:\/\/samaritangalanta.sk\/index.php?rest_route=\/wp\/v2\/pages\/57"}],"collection":[{"href":"https:\/\/samaritangalanta.sk\/index.php?rest_route=\/wp\/v2\/pages"}],"about":[{"href":"https:\/\/samaritangalanta.sk\/index.php?rest_route=\/wp\/v2\/types\/page"}],"author":[{"embeddable":true,"href":"https:\/\/samaritangalanta.sk\/index.php?rest_route=\/wp\/v2\/users\/1"}],"replies":[{"embeddable":true,"href":"https:\/\/samaritangalanta.sk\/index.php?rest_route=%2Fwp%2Fv2%2Fcomments&post=57"}],"version-history":[{"count":5,"href":"https:\/\/samaritangalanta.sk\/index.php?rest_route=\/wp\/v2\/pages\/57\/revisions"}],"predecessor-version":[{"id":526,"href":"https:\/\/samaritangalanta.sk\/index.php?rest_route=\/wp\/v2\/pages\/57\/revisions\/526"}],"wp:attachment":[{"href":"https:\/\/samaritangalanta.sk\/index.php?rest_route=%2Fwp%2Fv2%2Fmedia&parent=57"}],"curies":[{"name":"wp","href":"https:\/\/api.w.org\/{rel}","templated":true}]}}