{"id":58,"date":"2020-06-16T13:11:16","date_gmt":"2020-06-16T11:11:16","guid":{"rendered":"http:\/\/samaritangalanta.sk\/?page_id=58"},"modified":"2021-06-24T07:46:29","modified_gmt":"2021-06-24T05:46:29","slug":"eden","status":"publish","type":"page","link":"https:\/\/samaritangalanta.sk\/?page_id=58","title":{"rendered":"Eden"},"content":{"rendered":"\n<p>Byty pre seniorov Eden, s\u00fa ur\u010den\u00e9 pre samostatn\u00fdch star\u0161\u00edch \u013eud\u00ed, spravidla d\u00f4chodcov, ktor\u00ed maj\u00fa zmluvne zabezpe\u010den\u00e9 do\u017eivotn\u00e9 b\u00fdvanie, s mo\u017enos\u0165ou do\u017eivotnej  soci\u00e1lnej starostlivosti a opatery, ak o \u0148u po\u017eiadaj\u00fa.<\/p>\n\n\n\n<p><br><strong>Slu\u017eby<\/strong><br>Obyvate\u013eom Edenu poskytujeme slu\u017eby pod\u013ea vlastn\u00e9ho v\u00fdberu, potreby vid. ponukov\u00fd list. Ide o slu\u017eby, ako napr\u00edklad sprev\u00e1dzanie k lek\u00e1rovi, stravovanie, opatrovate\u013esk\u00e1 slu\u017eba, upratovanie, pranie, \u017eehlenie, n\u00e1kupy a in\u00e9 \u010fal\u0161ie slu\u017eby. V pr\u00edpade, \u017ee obyvate\u013e bytu, u\u017e nie je schopn\u00fd samostatn\u00e9ho \u017eivota v byte ani za pomoci opatrovate\u013eskej slu\u017eby, prejde do zariadenia pre seniorov Samarit\u00e1n, nach\u00e1dzaj\u00faceho sa na pr\u00edzem\u00ed evanjelick\u00e9ho domu starostlivosti alebo zariadenia pre seniorov Simeon s\u00a024 &#8211; hodinovou starostlivos\u0165ou.<\/p>\n\n\n\n<p><br><strong>Vybavenie bytov<br><\/strong>Byty pre seniorov Eden disponuj\u00fa vstupnou halou s odkladac\u00edm priestorom na obuv a\u00a0\u0161atstvo,<br>byt \u010falej disponuje soci\u00e1lnym zariaden\u00edm a kuchynsk\u00fdm k\u00fatik. Rozloha bytov sa pohybuje od 20 m2<br>do 51 m2.<\/p>\n\n\n\n<p><br>K dispoz\u00edci\u00ed je celkom 23 bytov r\u00f4znej ve\u013ekosti:<\/p>\n\n\n\n<ul><li>gars\u00f3nky vo v\u00fdmere od 20 m2 do 42 m2<\/li><li>1 &#8211; izbov\u00e9 byty vo v\u00fdmere\u00a0od 33 m2 do 51 m2<\/li><li>2 &#8211; izbov\u00fd byt vo v\u00fdmere 58 m2<\/li><\/ul>\n\n\n\n<p><strong>Cenn\u00edk Eden<\/strong><br>Z\u00e1le\u017e\u00ed od rozlohy bytu, cena za bytov\u00fa jednotku bude upresnen\u00e1 v\u00a0zmluve.<\/p>\n\n\n\n<p>Cena za b\u00fdvanie v\u00a0bytoch pre seniorov Eden:<br>Jeden meter \u0161tvorcov\u00fd \u2026\u2026\u2026\u2026\u2026\u2026\u2026\u2026\u2026\u2026\u2026\u2026\u2026.. 6,04 \u20ac na mesiac + 30 \u20ac\/ mesiac na osobu<br>Energie \u2026\u2026\u2026\u2026\u2026\u2026\u2026\u2026\u2026\u2026\u2026\u2026\u2026\u2026\u2026\u2026\u2026\u2026\u2026\u2026\u2026.. pod\u013ea spotreby<\/p>\n","protected":false},"excerpt":{"rendered":"<p>Byty pre seniorov Eden, s\u00fa ur\u010den\u00e9 pre samostatn\u00fdch star\u0161\u00edch \u013eud\u00ed, spravidla d\u00f4chodcov, ktor\u00ed maj\u00fa zmluvne zabezpe\u010den\u00e9 do\u017eivotn\u00e9 b\u00fdvanie, s mo\u017enos\u0165ou do\u017eivotnej soci\u00e1lnej starostlivosti a opatery, ak o \u0148u po\u017eiadaj\u00fa. Slu\u017ebyObyvate\u013eom Edenu poskytujeme slu\u017eby pod\u013ea vlastn\u00e9ho v\u00fdberu, potreby vid. ponukov\u00fd list. Ide o slu\u017eby, ako napr\u00edklad sprev\u00e1dzanie k lek\u00e1rovi, stravovanie, opatrovate\u013esk\u00e1 slu\u017eba, upratovanie, pranie, \u017eehlenie, n\u00e1kupy <a href=\"https:\/\/samaritangalanta.sk\/?page_id=58\" class=\"read-more inline\">Read More<\/a><\/p>\n","protected":false},"author":1,"featured_media":0,"parent":0,"menu_order":0,"comment_status":"closed","ping_status":"closed","template":"","meta":{"_monsterinsights_skip_tracking":false,"_monsterinsights_sitenote_active":false,"_monsterinsights_sitenote_note":"","_monsterinsights_sitenote_category":0},"yoast_head":"<!-- This site is optimized with the Yoast SEO plugin v16.5 - https:\/\/yoast.com\/wordpress\/plugins\/seo\/ -->\n<title>Eden - samaritangalanta.sk<\/title>\n<meta name=\"robots\" content=\"index, follow, max-snippet:-1, max-image-preview:large, max-video-preview:-1\" \/>\n<link rel=\"canonical\" href=\"https:\/\/samaritangalanta.sk\/?page_id=58\" \/>\n<meta property=\"og:locale\" content=\"en_US\" \/>\n<meta property=\"og:type\" content=\"article\" \/>\n<meta property=\"og:title\" content=\"Eden - samaritangalanta.sk\" \/>\n<meta property=\"og:description\" content=\"Byty pre seniorov Eden, s\u00fa ur\u010den\u00e9 pre samostatn\u00fdch star\u0161\u00edch \u013eud\u00ed, spravidla d\u00f4chodcov, ktor\u00ed maj\u00fa zmluvne zabezpe\u010den\u00e9 do\u017eivotn\u00e9 b\u00fdvanie, s mo\u017enos\u0165ou do\u017eivotnej soci\u00e1lnej starostlivosti a opatery, ak o \u0148u po\u017eiadaj\u00fa. Slu\u017ebyObyvate\u013eom Edenu poskytujeme slu\u017eby pod\u013ea vlastn\u00e9ho v\u00fdberu, potreby vid. ponukov\u00fd list. Ide o slu\u017eby, ako napr\u00edklad sprev\u00e1dzanie k lek\u00e1rovi, stravovanie, opatrovate\u013esk\u00e1 slu\u017eba, upratovanie, pranie, \u017eehlenie, n\u00e1kupy Read More\" \/>\n<meta property=\"og:url\" content=\"https:\/\/samaritangalanta.sk\/?page_id=58\" \/>\n<meta property=\"og:site_name\" content=\"samaritangalanta.sk\" \/>\n<meta property=\"article:modified_time\" content=\"2021-06-24T05:46:29+00:00\" \/>\n<meta name=\"twitter:card\" content=\"summary_large_image\" \/>\n<meta name=\"twitter:label1\" content=\"Est. reading time\" \/>\n\t<meta name=\"twitter:data1\" content=\"1 minute\" \/>\n<script type=\"application\/ld+json\" class=\"yoast-schema-graph\">{\"@context\":\"https:\/\/schema.org\",\"@graph\":[{\"@type\":\"WebSite\",\"@id\":\"http:\/\/samaritangalanta.sk\/#website\",\"url\":\"http:\/\/samaritangalanta.sk\/\",\"name\":\"samaritangalanta.sk\",\"description\":\"Centrum soci\\u00e1lnych slu\\u017eieb pre star\\u0161\\u00edch ob\\u010danov Samarit\\u00e1n\",\"potentialAction\":[{\"@type\":\"SearchAction\",\"target\":\"http:\/\/samaritangalanta.sk\/?s={search_term_string}\",\"query-input\":\"required name=search_term_string\"}],\"inLanguage\":\"en-US\"},{\"@type\":\"WebPage\",\"@id\":\"https:\/\/samaritangalanta.sk\/?page_id=58#webpage\",\"url\":\"https:\/\/samaritangalanta.sk\/?page_id=58\",\"name\":\"Eden - samaritangalanta.sk\",\"isPartOf\":{\"@id\":\"http:\/\/samaritangalanta.sk\/#website\"},\"datePublished\":\"2020-06-16T11:11:16+00:00\",\"dateModified\":\"2021-06-24T05:46:29+00:00\",\"breadcrumb\":{\"@id\":\"https:\/\/samaritangalanta.sk\/?page_id=58#breadcrumb\"},\"inLanguage\":\"en-US\",\"potentialAction\":[{\"@type\":\"ReadAction\",\"target\":[\"https:\/\/samaritangalanta.sk\/?page_id=58\"]}]},{\"@type\":\"BreadcrumbList\",\"@id\":\"https:\/\/samaritangalanta.sk\/?page_id=58#breadcrumb\",\"itemListElement\":[{\"@type\":\"ListItem\",\"position\":1,\"name\":\"Home\",\"item\":\"https:\/\/samaritangalanta.sk\/\"},{\"@type\":\"ListItem\",\"position\":2,\"name\":\"Eden\"}]}]}<\/script>\n<!-- \/ Yoast SEO plugin. -->","_links":{"self":[{"href":"https:\/\/samaritangalanta.sk\/index.php?rest_route=\/wp\/v2\/pages\/58"}],"collection":[{"href":"https:\/\/samaritangalanta.sk\/index.php?rest_route=\/wp\/v2\/pages"}],"about":[{"href":"https:\/\/samaritangalanta.sk\/index.php?rest_route=\/wp\/v2\/types\/page"}],"author":[{"embeddable":true,"href":"https:\/\/samaritangalanta.sk\/index.php?rest_route=\/wp\/v2\/users\/1"}],"replies":[{"embeddable":true,"href":"https:\/\/samaritangalanta.sk\/index.php?rest_route=%2Fwp%2Fv2%2Fcomments&post=58"}],"version-history":[{"count":3,"href":"https:\/\/samaritangalanta.sk\/index.php?rest_route=\/wp\/v2\/pages\/58\/revisions"}],"predecessor-version":[{"id":312,"href":"https:\/\/samaritangalanta.sk\/index.php?rest_route=\/wp\/v2\/pages\/58\/revisions\/312"}],"wp:attachment":[{"href":"https:\/\/samaritangalanta.sk\/index.php?rest_route=%2Fwp%2Fv2%2Fmedia&parent=58"}],"curies":[{"name":"wp","href":"https:\/\/api.w.org\/{rel}","templated":true}]}}